{"id":911,"date":"2025-10-09T19:30:35","date_gmt":"2025-10-09T19:30:35","guid":{"rendered":"https:\/\/leganovo.com\/aviso-legal\/"},"modified":"2026-04-29T16:16:58","modified_gmt":"2026-04-29T16:16:58","slug":"aviso-legal","status":"publish","type":"page","link":"https:\/\/leganovo.com\/es\/aviso-legal\/","title":{"rendered":"Aviso legal"},"content":{"rendered":"\n<!-- Legal document generated by Complianz | GDPR\/CCPA Cookie Consent https:\/\/wordpress.org\/plugins\/complianz-gdpr -->\n<div id=\"cmplz-document\" class=\"cmplz-document disclaimer cmplz-document-all\"><p>LEGANOVO se compromete a mantener esta web actualizada y precisa. Si, a pesar de todo, encontrara algo incorrecto o desactualizado, le agradecer\u00edamos que nos lo hiciera saber. Por favor, indique en qu\u00e9 parte de la web ha le\u00eddo la informaci\u00f3n. La revisaremos lo antes posible. Por favor, env\u00ede su duda por correo electr\u00f3nico a: <span class=\"cmplz-obfuscate\">c&#111;mpli&#097;&#110;ce@<span class=\"cmplz-fmail-domain\">e&#120;.c&#111;m<\/span>&#108;eg&#097;&#110;&#111;&#118;&#111;&#046;c&#111;m<\/span>.<\/p><p>No nos responsabilizamos de las p\u00e9rdidas derivadas de inexactitudes o datos incompletos, ni de las p\u00e9rdidas resultantes de problemas causados o inherentes a la difusi\u00f3n de la informaci\u00f3n a trav\u00e9s de Internet, como interrupciones o fallos. Al utilizar formularios web, nos esforzamos por limitar al m\u00ednimo el n\u00famero de campos obligatorios. Por cualquier p\u00e9rdida sufrida como resultado del uso de datos, consejos o ideas proporcionadas por LEGANOVO o en su nombre a trav\u00e9s de esta web, LEGANOVO no acepta ninguna responsabilidad.<\/p><p>Las respuestas y preguntas sobre privacidad enviadas por correo electr\u00f3nico o a trav\u00e9s de un formulario web ser\u00e1n tratadas de la misma manera que las cartas. Esto significa que puede esperar una respuesta nuestra en un plazo m\u00e1ximo de 1 mes. En el caso de solicitudes complejas, le informaremos en el plazo de 1 mes si necesitamos un m\u00e1ximo de 3 meses.<\/p><p>Cualquier dato personal que nos proporcione en el contexto de su respuesta o solicitud de informaci\u00f3n s\u00f3lo se utilizar\u00e1 de acuerdo con nuestra declaraci\u00f3n de privacidad.<\/p><p>Nuestros empleados har\u00e1n todo lo posible para garantizar la accesibilidad de nuestra p\u00e1gina web y para mejorarla continuamente. Incluso para las personas que utilizan programas inform\u00e1ticos especiales debido a una discapacidad.<\/p><p>Esta web est\u00e1 construida de acuerdo con las pautas de nivel AA WCAG 2.1. Estas pautas son acuerdos internacionalmente reconocidos sobre accesibilidad, sostenibilidad, intercambiabilidad y facilidad de b\u00fasqueda de sitios web.<\/p><p>Todos los derechos de propiedad intelectual sobre el contenido de esta web pertenecen a LEGANOVO.<\/p><p>La copia, difusi\u00f3n y cualquier otro uso de estos materiales no est\u00e1 permitido sin el permiso escrito de LEGANOVO, excepto y s\u00f3lo en la medida en que se estipule lo contrario en los reglamentos de la ley obligatoria (como el derecho de cita), a menos que el contenido espec\u00edfico dicte lo contrario.<\/p><p>Si tiene alguna pregunta o problema con la accesibilidad de la web, no dude en ponerse en contacto con nosotros.<\/p><\/div>","protected":false},"excerpt":{"rendered":"","protected":false},"author":3,"featured_media":0,"parent":0,"menu_order":0,"comment_status":"closed","ping_status":"closed","template":"","meta":{"content-type":"","_kad_blocks_custom_css":"","_kad_blocks_head_custom_js":"","_kad_blocks_body_custom_js":"","_kad_blocks_footer_custom_js":"","_kad_post_transparent":"","_kad_post_title":"","_kad_post_layout":"","_kad_post_sidebar_id":"","_kad_post_content_style":"","_kad_post_vertical_padding":"","_kad_post_feature":"","_kad_post_feature_position":"","_kad_post_header":false,"_kad_post_footer":false,"_kad_post_classname":"","footnotes":""},"class_list":["post-911","page","type-page","status-publish","hentry"],"yoast_head":"<!-- This site is optimized with the Yoast SEO Premium plugin v27.5 (Yoast SEO v27.5) - https:\/\/yoast.com\/product\/yoast-seo-premium-wordpress\/ -->\n<title>Aviso legal - LEGANOVO<\/title>\n<meta name=\"description\" content=\"The world\u2019s first zero-knowledge digital legacy infrastructure. Every person on earth has a digital life. Almost none of them have a plan for it. Leganovo is the infrastructure that changes that.\" \/>\n<meta name=\"robots\" content=\"index, follow, max-snippet:-1, max-image-preview:large, max-video-preview:-1\" \/>\n<link rel=\"canonical\" href=\"https:\/\/leganovo.com\/es\/aviso-legal\/\" \/>\n<meta property=\"og:locale\" content=\"es_ES\" \/>\n<meta property=\"og:type\" content=\"article\" \/>\n<meta property=\"og:title\" content=\"Aviso legal\" \/>\n<meta property=\"og:description\" content=\"The world\u2019s first zero-knowledge digital legacy infrastructure. Every person on earth has a digital life. Almost none of them have a plan for it. Leganovo is the infrastructure that changes that.\" \/>\n<meta property=\"og:url\" content=\"https:\/\/leganovo.com\/es\/aviso-legal\/\" \/>\n<meta property=\"og:site_name\" content=\"LEGANOVO\" \/>\n<meta property=\"article:modified_time\" content=\"2026-04-29T16:16:58+00:00\" \/>\n<meta property=\"og:image\" content=\"https:\/\/leganovo.com\/wp-content\/uploads\/2025\/09\/secret-garden.jpg\" \/>\n\t<meta property=\"og:image:width\" content=\"800\" \/>\n\t<meta property=\"og:image:height\" content=\"400\" \/>\n\t<meta property=\"og:image:type\" content=\"image\/jpeg\" \/>\n<meta name=\"twitter:card\" content=\"summary_large_image\" \/>\n<script type=\"application\/ld+json\" class=\"yoast-schema-graph\">{\"@context\":\"https:\\\/\\\/schema.org\",\"@graph\":[{\"@type\":\"WebPage\",\"@id\":\"https:\\\/\\\/leganovo.com\\\/es\\\/aviso-legal\\\/\",\"url\":\"https:\\\/\\\/leganovo.com\\\/es\\\/aviso-legal\\\/\",\"name\":\"Aviso legal - LEGANOVO\",\"isPartOf\":{\"@id\":\"https:\\\/\\\/leganovo.com\\\/es\\\/#website\"},\"datePublished\":\"2025-10-09T19:30:35+00:00\",\"dateModified\":\"2026-04-29T16:16:58+00:00\",\"description\":\"The world\u2019s first zero-knowledge digital legacy infrastructure. Every person on earth has a digital life. Almost none of them have a plan for it. Leganovo is the infrastructure that changes that.\",\"breadcrumb\":{\"@id\":\"https:\\\/\\\/leganovo.com\\\/es\\\/aviso-legal\\\/#breadcrumb\"},\"inLanguage\":\"es\",\"potentialAction\":[{\"@type\":\"ReadAction\",\"target\":[\"https:\\\/\\\/leganovo.com\\\/es\\\/aviso-legal\\\/\"]}]},{\"@type\":\"BreadcrumbList\",\"@id\":\"https:\\\/\\\/leganovo.com\\\/es\\\/aviso-legal\\\/#breadcrumb\",\"itemListElement\":[{\"@type\":\"ListItem\",\"position\":1,\"name\":\"Inicio\",\"item\":\"https:\\\/\\\/leganovo.com\\\/es\\\/\"},{\"@type\":\"ListItem\",\"position\":2,\"name\":\"Aviso legal\"}]},{\"@type\":\"WebSite\",\"@id\":\"https:\\\/\\\/leganovo.com\\\/es\\\/#website\",\"url\":\"https:\\\/\\\/leganovo.com\\\/es\\\/\",\"name\":\"LEGANOVO\",\"description\":\"SU LEGADO, ENTREGADO DIRECTAMENTE\",\"publisher\":{\"@id\":\"https:\\\/\\\/leganovo.com\\\/es\\\/#organization\"},\"potentialAction\":[{\"@type\":\"SearchAction\",\"target\":{\"@type\":\"EntryPoint\",\"urlTemplate\":\"https:\\\/\\\/leganovo.com\\\/es\\\/?s={search_term_string}\"},\"query-input\":{\"@type\":\"PropertyValueSpecification\",\"valueRequired\":true,\"valueName\":\"search_term_string\"}}],\"inLanguage\":\"es\"},{\"@type\":\"Organization\",\"@id\":\"https:\\\/\\\/leganovo.com\\\/es\\\/#organization\",\"name\":\"LEGANOVO\",\"url\":\"https:\\\/\\\/leganovo.com\\\/es\\\/\",\"logo\":{\"@type\":\"ImageObject\",\"inLanguage\":\"es\",\"@id\":\"https:\\\/\\\/leganovo.com\\\/es\\\/#\\\/schema\\\/logo\\\/image\\\/\",\"url\":\"https:\\\/\\\/leganovo.com\\\/wp-content\\\/uploads\\\/2025\\\/08\\\/Logo-black.svg\",\"contentUrl\":\"https:\\\/\\\/leganovo.com\\\/wp-content\\\/uploads\\\/2025\\\/08\\\/Logo-black.svg\",\"caption\":\"LEGANOVO\"},\"image\":{\"@id\":\"https:\\\/\\\/leganovo.com\\\/es\\\/#\\\/schema\\\/logo\\\/image\\\/\"}}]}<\/script>\n<!-- \/ Yoast SEO Premium plugin. -->","yoast_head_json":{"title":"Aviso legal - LEGANOVO","description":"The world\u2019s first zero-knowledge digital legacy infrastructure. Every person on earth has a digital life. Almost none of them have a plan for it. Leganovo is the infrastructure that changes that.","robots":{"index":"index","follow":"follow","max-snippet":"max-snippet:-1","max-image-preview":"max-image-preview:large","max-video-preview":"max-video-preview:-1"},"canonical":"https:\/\/leganovo.com\/es\/aviso-legal\/","og_locale":"es_ES","og_type":"article","og_title":"Aviso legal","og_description":"The world\u2019s first zero-knowledge digital legacy infrastructure. Every person on earth has a digital life. Almost none of them have a plan for it. Leganovo is the infrastructure that changes that.","og_url":"https:\/\/leganovo.com\/es\/aviso-legal\/","og_site_name":"LEGANOVO","article_modified_time":"2026-04-29T16:16:58+00:00","og_image":[{"width":800,"height":400,"url":"https:\/\/leganovo.com\/wp-content\/uploads\/2025\/09\/secret-garden.jpg","type":"image\/jpeg"}],"twitter_card":"summary_large_image","schema":{"@context":"https:\/\/schema.org","@graph":[{"@type":"WebPage","@id":"https:\/\/leganovo.com\/es\/aviso-legal\/","url":"https:\/\/leganovo.com\/es\/aviso-legal\/","name":"Aviso legal - LEGANOVO","isPartOf":{"@id":"https:\/\/leganovo.com\/es\/#website"},"datePublished":"2025-10-09T19:30:35+00:00","dateModified":"2026-04-29T16:16:58+00:00","description":"The world\u2019s first zero-knowledge digital legacy infrastructure. Every person on earth has a digital life. Almost none of them have a plan for it. Leganovo is the infrastructure that changes that.","breadcrumb":{"@id":"https:\/\/leganovo.com\/es\/aviso-legal\/#breadcrumb"},"inLanguage":"es","potentialAction":[{"@type":"ReadAction","target":["https:\/\/leganovo.com\/es\/aviso-legal\/"]}]},{"@type":"BreadcrumbList","@id":"https:\/\/leganovo.com\/es\/aviso-legal\/#breadcrumb","itemListElement":[{"@type":"ListItem","position":1,"name":"Inicio","item":"https:\/\/leganovo.com\/es\/"},{"@type":"ListItem","position":2,"name":"Aviso legal"}]},{"@type":"WebSite","@id":"https:\/\/leganovo.com\/es\/#website","url":"https:\/\/leganovo.com\/es\/","name":"LEGANOVO","description":"SU LEGADO, ENTREGADO DIRECTAMENTE","publisher":{"@id":"https:\/\/leganovo.com\/es\/#organization"},"potentialAction":[{"@type":"SearchAction","target":{"@type":"EntryPoint","urlTemplate":"https:\/\/leganovo.com\/es\/?s={search_term_string}"},"query-input":{"@type":"PropertyValueSpecification","valueRequired":true,"valueName":"search_term_string"}}],"inLanguage":"es"},{"@type":"Organization","@id":"https:\/\/leganovo.com\/es\/#organization","name":"LEGANOVO","url":"https:\/\/leganovo.com\/es\/","logo":{"@type":"ImageObject","inLanguage":"es","@id":"https:\/\/leganovo.com\/es\/#\/schema\/logo\/image\/","url":"https:\/\/leganovo.com\/wp-content\/uploads\/2025\/08\/Logo-black.svg","contentUrl":"https:\/\/leganovo.com\/wp-content\/uploads\/2025\/08\/Logo-black.svg","caption":"LEGANOVO"},"image":{"@id":"https:\/\/leganovo.com\/es\/#\/schema\/logo\/image\/"}}]}},"taxonomy_info":[],"featured_image_src_large":false,"author_info":{"display_name":"Ellie Fahimi","author_link":"https:\/\/leganovo.com\/es\/author\/webdev1\/"},"comment_info":0,"_links":{"self":[{"href":"https:\/\/leganovo.com\/es\/wp-json\/wp\/v2\/pages\/911","targetHints":{"allow":["GET"]}}],"collection":[{"href":"https:\/\/leganovo.com\/es\/wp-json\/wp\/v2\/pages"}],"about":[{"href":"https:\/\/leganovo.com\/es\/wp-json\/wp\/v2\/types\/page"}],"author":[{"embeddable":true,"href":"https:\/\/leganovo.com\/es\/wp-json\/wp\/v2\/users\/3"}],"replies":[{"embeddable":true,"href":"https:\/\/leganovo.com\/es\/wp-json\/wp\/v2\/comments?post=911"}],"version-history":[{"count":0,"href":"https:\/\/leganovo.com\/es\/wp-json\/wp\/v2\/pages\/911\/revisions"}],"wp:attachment":[{"href":"https:\/\/leganovo.com\/es\/wp-json\/wp\/v2\/media?parent=911"}],"curies":[{"name":"wp","href":"https:\/\/api.w.org\/{rel}","templated":true}]}}