{"id":914,"date":"2025-09-18T19:51:27","date_gmt":"2025-09-18T19:51:27","guid":{"rendered":"https:\/\/leganovo.com\/formulaire-de-solutions-dentreprise\/"},"modified":"2026-05-05T19:17:27","modified_gmt":"2026-05-05T19:17:27","slug":"formulaire-de-solutions-dentreprise","status":"publish","type":"page","link":"https:\/\/leganovo.com\/fr\/formulaire-de-solutions-dentreprise\/","title":{"rendered":"Formulaire de solutions d&rsquo;entreprise"},"content":{"rendered":"<style>.kb-row-layout-id914_d631da-01 > .kt-row-column-wrap{align-content:center;}:where(.kb-row-layout-id914_d631da-01 > .kt-row-column-wrap) > .wp-block-kadence-column{justify-content:center;}.kb-row-layout-id914_d631da-01 > .kt-row-column-wrap{column-gap:var(--global-kb-gap-md, 2rem);row-gap:var(--global-kb-gap-md, 2rem);max-width:var( --global-content-width, 1290px );padding-left:var(--global-content-edge-padding);padding-right:var(--global-content-edge-padding);padding-top:180px;padding-bottom:160px;min-height:50vh;grid-template-columns:minmax(0, 1fr);}.kb-row-layout-id914_d631da-01 > .kt-row-layout-overlay{opacity:0.30;}.kb-row-layout-id914_d631da-01{z-index:5;position:relative;}@media all and (max-width: 1024px){.kb-row-layout-id914_d631da-01 > .kt-row-column-wrap{padding-top:var(--global-kb-spacing-4xl, 8rem);padding-bottom:var(--global-kb-spacing-3xl, 6.5rem);min-height:50vh;grid-template-columns:minmax(0, 1fr);}}@media all and (max-width: 767px){.kb-row-layout-id914_d631da-01 > .kt-row-column-wrap{padding-top:var(--global-kb-spacing-4xl, 8rem);padding-bottom:var(--global-kb-spacing-3xl, 6.5rem);min-height:50vh;grid-template-columns:minmax(0, 1fr);}}<\/style><div class=\"kb-row-layout-wrap kb-row-layout-id914_d631da-01 alignnone has-theme-palette2-background-color kt-row-has-bg wp-block-kadence-rowlayout\"><div class=\"kt-row-column-wrap kt-has-1-columns kt-row-layout-equal kt-tab-layout-inherit kt-mobile-layout-row kt-row-valign-middle kb-theme-content-width\">\n<style>.kadence-column914_390592-b7 > .kt-inside-inner-col,.kadence-column914_390592-b7 > .kt-inside-inner-col:before{border-top-left-radius:0px;border-top-right-radius:0px;border-bottom-right-radius:0px;border-bottom-left-radius:0px;}.kadence-column914_390592-b7 > .kt-inside-inner-col{column-gap:var(--global-kb-gap-sm, 1rem);}.kadence-column914_390592-b7 > .kt-inside-inner-col{flex-direction:column;}.kadence-column914_390592-b7 > .kt-inside-inner-col > .aligncenter{width:100%;}.kadence-column914_390592-b7 > .kt-inside-inner-col:before{opacity:0.3;}.kadence-column914_390592-b7{position:relative;}@media all and (max-width: 1024px){.kadence-column914_390592-b7 > .kt-inside-inner-col{flex-direction:column;justify-content:center;}}@media all and (max-width: 767px){.kadence-column914_390592-b7 > .kt-inside-inner-col{flex-direction:column;justify-content:center;}}<\/style>\n<div class=\"wp-block-kadence-column kadence-column914_390592-b7\"><div class=\"kt-inside-inner-col\"><style>.wp-block-kadence-advancedheading.kt-adv-heading914_204aea-f0, .wp-block-kadence-advancedheading.kt-adv-heading914_204aea-f0[data-kb-block=\"kb-adv-heading914_204aea-f0\"]{text-align:center;font-style:normal;text-transform:uppercase;letter-spacing:2px;}.wp-block-kadence-advancedheading.kt-adv-heading914_204aea-f0 mark.kt-highlight, .wp-block-kadence-advancedheading.kt-adv-heading914_204aea-f0[data-kb-block=\"kb-adv-heading914_204aea-f0\"] mark.kt-highlight{font-style:normal;color:#f76a0c;-webkit-box-decoration-break:clone;box-decoration-break:clone;padding-top:0px;padding-right:0px;padding-bottom:0px;padding-left:0px;}.wp-block-kadence-advancedheading.kt-adv-heading914_204aea-f0 img.kb-inline-image, .wp-block-kadence-advancedheading.kt-adv-heading914_204aea-f0[data-kb-block=\"kb-adv-heading914_204aea-f0\"] img.kb-inline-image{width:150px;vertical-align:baseline;}<\/style>\n<h6 class=\"kt-adv-heading914_204aea-f0 wp-block-kadence-advancedheading\" data-kb-block=\"kb-adv-heading914_204aea-f0\">Offres personnalis\u00e9es Leganovo<\/h6>\n\n\n<style>.wp-block-kadence-advancedheading.kt-adv-heading914_1edd03-32, .wp-block-kadence-advancedheading.kt-adv-heading914_1edd03-32[data-kb-block=\"kb-adv-heading914_1edd03-32\"]{padding-top:0px;margin-top:0px;text-align:center;font-style:normal;}.wp-block-kadence-advancedheading.kt-adv-heading914_1edd03-32 mark.kt-highlight, .wp-block-kadence-advancedheading.kt-adv-heading914_1edd03-32[data-kb-block=\"kb-adv-heading914_1edd03-32\"] mark.kt-highlight{font-style:normal;color:#f76a0c;-webkit-box-decoration-break:clone;box-decoration-break:clone;padding-top:0px;padding-right:0px;padding-bottom:0px;padding-left:0px;}.wp-block-kadence-advancedheading.kt-adv-heading914_1edd03-32 img.kb-inline-image, .wp-block-kadence-advancedheading.kt-adv-heading914_1edd03-32[data-kb-block=\"kb-adv-heading914_1edd03-32\"] img.kb-inline-image{width:150px;vertical-align:baseline;}@media all and (max-width: 767px){.wp-block-kadence-advancedheading.kt-adv-heading914_1edd03-32, .wp-block-kadence-advancedheading.kt-adv-heading914_1edd03-32[data-kb-block=\"kb-adv-heading914_1edd03-32\"]{line-height:1.3;}}<\/style>\n<h1 class=\"kt-adv-heading914_1edd03-32 wp-block-kadence-advancedheading has-theme-palette-3-color has-text-color\" data-kb-block=\"kb-adv-heading914_1edd03-32\">Solutions pour grandes entreprises<\/h1>\n<\/div><\/div>\n\n<\/div><\/div>\n\n<style>.kb-row-layout-id914_f152d4-7c > .kt-row-column-wrap{align-content:start;}:where(.kb-row-layout-id914_f152d4-7c > .kt-row-column-wrap) > .wp-block-kadence-column{justify-content:start;}.kb-row-layout-id914_f152d4-7c > .kt-row-column-wrap{column-gap:var(--global-kb-gap-md, 2rem);row-gap:var(--global-kb-gap-md, 2rem);max-width:var( --global-content-width, 1290px );padding-left:var(--global-content-edge-padding);padding-right:var(--global-content-edge-padding);padding-top:var(--global-kb-spacing-4xl, 8rem);padding-bottom:var(--global-kb-spacing-4xl, 8rem);grid-template-columns:repeat(2, minmax(0, 1fr));}.kb-row-layout-id914_f152d4-7c > .kt-row-layout-overlay{opacity:0.30;}@media all and (max-width: 1024px){.kb-row-layout-id914_f152d4-7c > .kt-row-column-wrap{padding-top:var(--global-kb-spacing-3xl, 6.5rem);padding-bottom:var(--global-kb-spacing-3xl, 6.5rem);grid-template-columns:minmax(0, 1fr);}}@media all and (max-width: 1024px){.kb-row-layout-id914_f152d4-7c > .kt-row-column-wrap > .wp-block-kadence-column:nth-child(1 of *:not(style)){order:2;}}@media all and (max-width: 1024px){.kb-row-layout-id914_f152d4-7c > .kt-row-column-wrap > .wp-block-kadence-column:nth-child(2 of *:not(style)){order:1;}}@media all and (max-width: 1024px){.kb-row-layout-id914_f152d4-7c > .kt-row-column-wrap > .wp-block-kadence-column:nth-child(3 of *:not(style)){order:12;}}@media all and (max-width: 1024px){.kb-row-layout-id914_f152d4-7c > .kt-row-column-wrap > .wp-block-kadence-column:nth-child(4 of *:not(style)){order:11;}}@media all and (max-width: 1024px){.kb-row-layout-id914_f152d4-7c > .kt-row-column-wrap > .wp-block-kadence-column:nth-child(5 of *:not(style)){order:22;}}@media all and (max-width: 1024px){.kb-row-layout-id914_f152d4-7c > .kt-row-column-wrap > .wp-block-kadence-column:nth-child(6 of *:not(style)){order:21;}}@media all and (max-width: 1024px){.kb-row-layout-id914_f152d4-7c > .kt-row-column-wrap > .wp-block-kadence-column:nth-child(7 of *:not(style)){order:32;}}@media all and (max-width: 1024px){.kb-row-layout-id914_f152d4-7c > .kt-row-column-wrap > .wp-block-kadence-column:nth-child(8 of *:not(style)){order:31;}}@media all and (max-width: 767px){.kb-row-layout-id914_f152d4-7c > .kt-row-column-wrap{padding-top:var(--global-kb-spacing-3xl, 6.5rem);padding-bottom:var(--global-kb-spacing-3xl, 6.5rem);grid-template-columns:minmax(0, 1fr);}.kb-row-layout-id914_f152d4-7c > .kt-row-column-wrap > .wp-block-kadence-column:nth-child(1 of *:not(style)){order:2;}.kb-row-layout-id914_f152d4-7c > .kt-row-column-wrap > .wp-block-kadence-column:nth-child(2 of *:not(style)){order:1;}.kb-row-layout-id914_f152d4-7c > .kt-row-column-wrap > .wp-block-kadence-column:nth-child(3 of *:not(style)){order:12;}.kb-row-layout-id914_f152d4-7c > .kt-row-column-wrap > .wp-block-kadence-column:nth-child(4 of *:not(style)){order:11;}.kb-row-layout-id914_f152d4-7c > .kt-row-column-wrap > .wp-block-kadence-column:nth-child(5 of *:not(style)){order:22;}.kb-row-layout-id914_f152d4-7c > .kt-row-column-wrap > .wp-block-kadence-column:nth-child(6 of *:not(style)){order:21;}.kb-row-layout-id914_f152d4-7c > .kt-row-column-wrap > .wp-block-kadence-column:nth-child(7 of *:not(style)){order:32;}.kb-row-layout-id914_f152d4-7c > .kt-row-column-wrap > .wp-block-kadence-column:nth-child(8 of *:not(style)){order:31;}}<\/style><div class=\"kb-row-layout-wrap kb-row-layout-id914_f152d4-7c alignnone wp-block-kadence-rowlayout\"><div class=\"kt-row-column-wrap kt-has-2-columns kt-row-layout-equal kt-tab-layout-row kt-mobile-layout-row kt-row-valign-top kb-theme-content-width\">\n<style>.kadence-column914_78b1ab-aa > .kt-inside-inner-col,.kadence-column914_78b1ab-aa > .kt-inside-inner-col:before{border-top-left-radius:0px;border-top-right-radius:0px;border-bottom-right-radius:0px;border-bottom-left-radius:0px;}.kadence-column914_78b1ab-aa > .kt-inside-inner-col{column-gap:var(--global-kb-gap-sm, 1rem);}.kadence-column914_78b1ab-aa > .kt-inside-inner-col{flex-direction:column;}.kadence-column914_78b1ab-aa > .kt-inside-inner-col > .aligncenter{width:100%;}.kadence-column914_78b1ab-aa > .kt-inside-inner-col:before{opacity:0.3;}.kadence-column914_78b1ab-aa{position:relative;}@media all and (max-width: 1024px){.kadence-column914_78b1ab-aa > .kt-inside-inner-col{flex-direction:column;justify-content:center;}}@media all and (max-width: 767px){.kadence-column914_78b1ab-aa > .kt-inside-inner-col{flex-direction:column;justify-content:center;}}<\/style>\n<div class=\"wp-block-kadence-column kadence-column914_78b1ab-aa\"><div class=\"kt-inside-inner-col\"><style>.wp-block-kadence-advancedheading.kt-adv-heading914_a76f7e-1d, .wp-block-kadence-advancedheading.kt-adv-heading914_a76f7e-1d[data-kb-block=\"kb-adv-heading914_a76f7e-1d\"]{font-style:normal;}.wp-block-kadence-advancedheading.kt-adv-heading914_a76f7e-1d mark.kt-highlight, .wp-block-kadence-advancedheading.kt-adv-heading914_a76f7e-1d[data-kb-block=\"kb-adv-heading914_a76f7e-1d\"] mark.kt-highlight{font-style:normal;color:#f76a0c;-webkit-box-decoration-break:clone;box-decoration-break:clone;padding-top:0px;padding-right:0px;padding-bottom:0px;padding-left:0px;}.wp-block-kadence-advancedheading.kt-adv-heading914_a76f7e-1d img.kb-inline-image, .wp-block-kadence-advancedheading.kt-adv-heading914_a76f7e-1d[data-kb-block=\"kb-adv-heading914_a76f7e-1d\"] img.kb-inline-image{width:150px;vertical-align:baseline;}@media all and (max-width: 767px){.wp-block-kadence-advancedheading.kt-adv-heading914_a76f7e-1d, .wp-block-kadence-advancedheading.kt-adv-heading914_a76f7e-1d[data-kb-block=\"kb-adv-heading914_a76f7e-1d\"]{text-align:left!important;}}<\/style>\n<h2 class=\"kt-adv-heading914_a76f7e-1d wp-block-kadence-advancedheading\" data-kb-block=\"kb-adv-heading914_a76f7e-1d\"><strong>Proposez l\u2019h\u00e9ritage num\u00e9rique sous votre propre marque gr\u00e2ce \u00e0 Leganovo<\/strong><\/h2>\n\n\n\n<p>Leganovo Enterprise est con\u00e7u pour les banques, les assureurs, les gestionnaires de patrimoine et les grandes institutions qui souhaitent offrir des services de confiance en mati\u00e8re de succession num\u00e9rique et de continuit\u00e9 directement \u00e0 leurs clients.<\/p>\n\n\n\n<script src=\"https:\/\/js-na3.hsforms.net\/forms\/embed\/342394935.js\" defer><\/script>\n<div class=\"hs-form-frame\" data-region=\"na3\" data-form-id=\"4dc835bc-a771-4c34-9d16-81e969e73592\" data-portal-id=\"342394935\"><\/div>\n<\/div><\/div>\n\n\n<style>.kadence-column914_a0ad51-47 > .kt-inside-inner-col,.kadence-column914_a0ad51-47 > .kt-inside-inner-col:before{border-top-left-radius:0px;border-top-right-radius:0px;border-bottom-right-radius:0px;border-bottom-left-radius:0px;}.kadence-column914_a0ad51-47 > .kt-inside-inner-col{column-gap:var(--global-kb-gap-sm, 1rem);}.kadence-column914_a0ad51-47 > .kt-inside-inner-col{flex-direction:column;}.kadence-column914_a0ad51-47 > .kt-inside-inner-col > .aligncenter{width:100%;}.kadence-column914_a0ad51-47 > .kt-inside-inner-col:before{opacity:0.3;}.kadence-column914_a0ad51-47{position:relative;}@media all and (max-width: 1024px){.kadence-column914_a0ad51-47 > .kt-inside-inner-col{flex-direction:column;justify-content:center;}}@media all and (max-width: 767px){.kadence-column914_a0ad51-47 > .kt-inside-inner-col{flex-direction:column;justify-content:center;}}<\/style>\n<div class=\"wp-block-kadence-column kadence-column914_a0ad51-47 kvs-md-false kvs-sm-false\"><div class=\"kt-inside-inner-col\"><style>.kb-image914_072002-55 .kb-image-has-overlay:after{opacity:0.3;border-top-left-radius:8px;border-top-right-radius:8px;border-bottom-right-radius:8px;border-bottom-left-radius:8px;}.kb-image914_072002-55 img.kb-img, .kb-image914_072002-55 .kb-img img{border-top-left-radius:8px;border-top-right-radius:8px;border-bottom-right-radius:8px;border-bottom-left-radius:8px;}<\/style>\n<figure class=\"wp-block-kadence-image kb-image914_072002-55 size-large kb-image-is-ratio-size\"><div class=\"kb-is-ratio-image kb-image-ratio-square\"><img decoding=\"async\" width=\"683\" height=\"1024\" src=\"https:\/\/leganovo.com\/wp-content\/uploads\/2025\/09\/tech-support-683x1024.jpg\" alt=\"\" class=\"kb-img wp-image-235\" srcset=\"https:\/\/leganovo.com\/wp-content\/uploads\/2025\/09\/tech-support-683x1024.jpg 683w, https:\/\/leganovo.com\/wp-content\/uploads\/2025\/09\/tech-support-200x300.jpg 200w, https:\/\/leganovo.com\/wp-content\/uploads\/2025\/09\/tech-support-768x1152.jpg 768w, https:\/\/leganovo.com\/wp-content\/uploads\/2025\/09\/tech-support-1024x1536.jpg 1024w, https:\/\/leganovo.com\/wp-content\/uploads\/2025\/09\/tech-support-1366x2048.jpg 1366w, https:\/\/leganovo.com\/wp-content\/uploads\/2025\/09\/tech-support.jpg 1707w\" sizes=\"(max-width: 683px) 100vw, 683px\" \/><\/div><\/figure>\n<\/div><\/div>\n\n<\/div><\/div>","protected":false},"excerpt":{"rendered":"<p>Offres personnalis\u00e9es Leganovo Solutions pour grandes entreprises Proposez l\u2019h\u00e9ritage num\u00e9rique sous votre propre marque gr\u00e2ce \u00e0 Leganovo Leganovo Enterprise est con\u00e7u pour les banques, les assureurs, les gestionnaires de patrimoine et les grandes institutions qui souhaitent offrir des services de confiance en mati\u00e8re de succession num\u00e9rique et de continuit\u00e9 directement \u00e0 leurs clients.<\/p>\n","protected":false},"author":3,"featured_media":0,"parent":0,"menu_order":0,"comment_status":"closed","ping_status":"closed","template":"","meta":{"content-type":"","_kad_blocks_custom_css":"","_kad_blocks_head_custom_js":"","_kad_blocks_body_custom_js":"","_kad_blocks_footer_custom_js":"","_kad_post_transparent":"","_kad_post_title":"","_kad_post_layout":"","_kad_post_sidebar_id":"","_kad_post_content_style":"","_kad_post_vertical_padding":"","_kad_post_feature":"","_kad_post_feature_position":"","_kad_post_header":false,"_kad_post_footer":false,"_kad_post_classname":"","footnotes":""},"class_list":["post-914","page","type-page","status-publish","hentry"],"yoast_head":"<!-- This site is optimized with the Yoast SEO Premium plugin v27.5 (Yoast SEO v27.5) - https:\/\/yoast.com\/product\/yoast-seo-premium-wordpress\/ -->\n<title>Formulaire de solutions d&#039;entreprise - LEGANOVO<\/title>\n<meta name=\"description\" content=\"The world\u2019s first zero-knowledge digital legacy infrastructure. Every person on earth has a digital life. Almost none of them have a plan for it. Leganovo is the infrastructure that changes that.\" \/>\n<meta name=\"robots\" content=\"noindex, nofollow\" \/>\n<meta property=\"og:locale\" content=\"fr_FR\" \/>\n<meta property=\"og:type\" content=\"article\" \/>\n<meta property=\"og:title\" content=\"Formulaire de solutions d&#039;entreprise\" \/>\n<meta property=\"og:description\" content=\"The world\u2019s first zero-knowledge digital legacy infrastructure. Every person on earth has a digital life. Almost none of them have a plan for it. Leganovo is the infrastructure that changes that.\" \/>\n<meta property=\"og:url\" content=\"https:\/\/leganovo.com\/fr\/formulaire-de-solutions-dentreprise\/\" \/>\n<meta property=\"og:site_name\" content=\"LEGANOVO\" \/>\n<meta property=\"article:modified_time\" content=\"2026-05-05T19:17:27+00:00\" \/>\n<meta property=\"og:image\" content=\"https:\/\/leganovo.com\/wp-content\/uploads\/2025\/09\/tech-support.jpg\" \/>\n\t<meta property=\"og:image:width\" content=\"1707\" \/>\n\t<meta property=\"og:image:height\" content=\"2560\" \/>\n\t<meta property=\"og:image:type\" content=\"image\/jpeg\" \/>\n<meta name=\"twitter:card\" content=\"summary_large_image\" \/>\n<meta name=\"twitter:label1\" content=\"Dur\u00e9e de lecture estim\u00e9e\" \/>\n\t<meta name=\"twitter:data1\" content=\"1 minute\" \/>\n<script type=\"application\/ld+json\" class=\"yoast-schema-graph\">{\"@context\":\"https:\\\/\\\/schema.org\",\"@graph\":[{\"@type\":\"WebPage\",\"@id\":\"https:\\\/\\\/leganovo.com\\\/fr\\\/formulaire-de-solutions-dentreprise\\\/\",\"url\":\"https:\\\/\\\/leganovo.com\\\/fr\\\/formulaire-de-solutions-dentreprise\\\/\",\"name\":\"Formulaire de solutions d'entreprise - LEGANOVO\",\"isPartOf\":{\"@id\":\"https:\\\/\\\/leganovo.com\\\/fr\\\/#website\"},\"primaryImageOfPage\":{\"@id\":\"https:\\\/\\\/leganovo.com\\\/fr\\\/formulaire-de-solutions-dentreprise\\\/#primaryimage\"},\"image\":{\"@id\":\"https:\\\/\\\/leganovo.com\\\/fr\\\/formulaire-de-solutions-dentreprise\\\/#primaryimage\"},\"thumbnailUrl\":\"https:\\\/\\\/leganovo.com\\\/wp-content\\\/uploads\\\/2025\\\/09\\\/tech-support-683x1024.jpg\",\"datePublished\":\"2025-09-18T19:51:27+00:00\",\"dateModified\":\"2026-05-05T19:17:27+00:00\",\"description\":\"The world\u2019s first zero-knowledge digital legacy infrastructure. Every person on earth has a digital life. Almost none of them have a plan for it. Leganovo is the infrastructure that changes that.\",\"breadcrumb\":{\"@id\":\"https:\\\/\\\/leganovo.com\\\/fr\\\/formulaire-de-solutions-dentreprise\\\/#breadcrumb\"},\"inLanguage\":\"fr-FR\",\"potentialAction\":[{\"@type\":\"ReadAction\",\"target\":[\"https:\\\/\\\/leganovo.com\\\/fr\\\/formulaire-de-solutions-dentreprise\\\/\"]}]},{\"@type\":\"ImageObject\",\"inLanguage\":\"fr-FR\",\"@id\":\"https:\\\/\\\/leganovo.com\\\/fr\\\/formulaire-de-solutions-dentreprise\\\/#primaryimage\",\"url\":\"https:\\\/\\\/leganovo.com\\\/wp-content\\\/uploads\\\/2025\\\/09\\\/tech-support-683x1024.jpg\",\"contentUrl\":\"https:\\\/\\\/leganovo.com\\\/wp-content\\\/uploads\\\/2025\\\/09\\\/tech-support-683x1024.jpg\"},{\"@type\":\"BreadcrumbList\",\"@id\":\"https:\\\/\\\/leganovo.com\\\/fr\\\/formulaire-de-solutions-dentreprise\\\/#breadcrumb\",\"itemListElement\":[{\"@type\":\"ListItem\",\"position\":1,\"name\":\"Accueil\",\"item\":\"https:\\\/\\\/leganovo.com\\\/fr\\\/\"},{\"@type\":\"ListItem\",\"position\":2,\"name\":\"Formulaire de solutions d&#8217;entreprise\"}]},{\"@type\":\"WebSite\",\"@id\":\"https:\\\/\\\/leganovo.com\\\/fr\\\/#website\",\"url\":\"https:\\\/\\\/leganovo.com\\\/fr\\\/\",\"name\":\"LEGANOVO\",\"description\":\"VOTRE H\u00c9RITAGE TRANSMIS CORRECTEMENT\",\"publisher\":{\"@id\":\"https:\\\/\\\/leganovo.com\\\/fr\\\/#organization\"},\"potentialAction\":[{\"@type\":\"SearchAction\",\"target\":{\"@type\":\"EntryPoint\",\"urlTemplate\":\"https:\\\/\\\/leganovo.com\\\/fr\\\/?s={search_term_string}\"},\"query-input\":{\"@type\":\"PropertyValueSpecification\",\"valueRequired\":true,\"valueName\":\"search_term_string\"}}],\"inLanguage\":\"fr-FR\"},{\"@type\":\"Organization\",\"@id\":\"https:\\\/\\\/leganovo.com\\\/fr\\\/#organization\",\"name\":\"LEGANOVO\",\"url\":\"https:\\\/\\\/leganovo.com\\\/fr\\\/\",\"logo\":{\"@type\":\"ImageObject\",\"inLanguage\":\"fr-FR\",\"@id\":\"https:\\\/\\\/leganovo.com\\\/fr\\\/#\\\/schema\\\/logo\\\/image\\\/\",\"url\":\"https:\\\/\\\/leganovo.com\\\/wp-content\\\/uploads\\\/2025\\\/08\\\/Logo-black.svg\",\"contentUrl\":\"https:\\\/\\\/leganovo.com\\\/wp-content\\\/uploads\\\/2025\\\/08\\\/Logo-black.svg\",\"caption\":\"LEGANOVO\"},\"image\":{\"@id\":\"https:\\\/\\\/leganovo.com\\\/fr\\\/#\\\/schema\\\/logo\\\/image\\\/\"}}]}<\/script>\n<!-- \/ Yoast SEO Premium plugin. -->","yoast_head_json":{"title":"Formulaire de solutions d'entreprise - LEGANOVO","description":"The world\u2019s first zero-knowledge digital legacy infrastructure. Every person on earth has a digital life. Almost none of them have a plan for it. Leganovo is the infrastructure that changes that.","robots":{"index":"noindex","follow":"nofollow"},"og_locale":"fr_FR","og_type":"article","og_title":"Formulaire de solutions d'entreprise","og_description":"The world\u2019s first zero-knowledge digital legacy infrastructure. Every person on earth has a digital life. Almost none of them have a plan for it. Leganovo is the infrastructure that changes that.","og_url":"https:\/\/leganovo.com\/fr\/formulaire-de-solutions-dentreprise\/","og_site_name":"LEGANOVO","article_modified_time":"2026-05-05T19:17:27+00:00","og_image":[{"width":1707,"height":2560,"url":"https:\/\/leganovo.com\/wp-content\/uploads\/2025\/09\/tech-support.jpg","type":"image\/jpeg"}],"twitter_card":"summary_large_image","twitter_misc":{"Dur\u00e9e de lecture estim\u00e9e":"1 minute"},"schema":{"@context":"https:\/\/schema.org","@graph":[{"@type":"WebPage","@id":"https:\/\/leganovo.com\/fr\/formulaire-de-solutions-dentreprise\/","url":"https:\/\/leganovo.com\/fr\/formulaire-de-solutions-dentreprise\/","name":"Formulaire de solutions d'entreprise - LEGANOVO","isPartOf":{"@id":"https:\/\/leganovo.com\/fr\/#website"},"primaryImageOfPage":{"@id":"https:\/\/leganovo.com\/fr\/formulaire-de-solutions-dentreprise\/#primaryimage"},"image":{"@id":"https:\/\/leganovo.com\/fr\/formulaire-de-solutions-dentreprise\/#primaryimage"},"thumbnailUrl":"https:\/\/leganovo.com\/wp-content\/uploads\/2025\/09\/tech-support-683x1024.jpg","datePublished":"2025-09-18T19:51:27+00:00","dateModified":"2026-05-05T19:17:27+00:00","description":"The world\u2019s first zero-knowledge digital legacy infrastructure. Every person on earth has a digital life. Almost none of them have a plan for it. Leganovo is the infrastructure that changes that.","breadcrumb":{"@id":"https:\/\/leganovo.com\/fr\/formulaire-de-solutions-dentreprise\/#breadcrumb"},"inLanguage":"fr-FR","potentialAction":[{"@type":"ReadAction","target":["https:\/\/leganovo.com\/fr\/formulaire-de-solutions-dentreprise\/"]}]},{"@type":"ImageObject","inLanguage":"fr-FR","@id":"https:\/\/leganovo.com\/fr\/formulaire-de-solutions-dentreprise\/#primaryimage","url":"https:\/\/leganovo.com\/wp-content\/uploads\/2025\/09\/tech-support-683x1024.jpg","contentUrl":"https:\/\/leganovo.com\/wp-content\/uploads\/2025\/09\/tech-support-683x1024.jpg"},{"@type":"BreadcrumbList","@id":"https:\/\/leganovo.com\/fr\/formulaire-de-solutions-dentreprise\/#breadcrumb","itemListElement":[{"@type":"ListItem","position":1,"name":"Accueil","item":"https:\/\/leganovo.com\/fr\/"},{"@type":"ListItem","position":2,"name":"Formulaire de solutions d&#8217;entreprise"}]},{"@type":"WebSite","@id":"https:\/\/leganovo.com\/fr\/#website","url":"https:\/\/leganovo.com\/fr\/","name":"LEGANOVO","description":"VOTRE H\u00c9RITAGE TRANSMIS CORRECTEMENT","publisher":{"@id":"https:\/\/leganovo.com\/fr\/#organization"},"potentialAction":[{"@type":"SearchAction","target":{"@type":"EntryPoint","urlTemplate":"https:\/\/leganovo.com\/fr\/?s={search_term_string}"},"query-input":{"@type":"PropertyValueSpecification","valueRequired":true,"valueName":"search_term_string"}}],"inLanguage":"fr-FR"},{"@type":"Organization","@id":"https:\/\/leganovo.com\/fr\/#organization","name":"LEGANOVO","url":"https:\/\/leganovo.com\/fr\/","logo":{"@type":"ImageObject","inLanguage":"fr-FR","@id":"https:\/\/leganovo.com\/fr\/#\/schema\/logo\/image\/","url":"https:\/\/leganovo.com\/wp-content\/uploads\/2025\/08\/Logo-black.svg","contentUrl":"https:\/\/leganovo.com\/wp-content\/uploads\/2025\/08\/Logo-black.svg","caption":"LEGANOVO"},"image":{"@id":"https:\/\/leganovo.com\/fr\/#\/schema\/logo\/image\/"}}]}},"taxonomy_info":[],"featured_image_src_large":false,"author_info":{"display_name":"Ellie Fahimi","author_link":"https:\/\/leganovo.com\/fr\/author\/webdev1\/"},"comment_info":0,"_links":{"self":[{"href":"https:\/\/leganovo.com\/fr\/wp-json\/wp\/v2\/pages\/914","targetHints":{"allow":["GET"]}}],"collection":[{"href":"https:\/\/leganovo.com\/fr\/wp-json\/wp\/v2\/pages"}],"about":[{"href":"https:\/\/leganovo.com\/fr\/wp-json\/wp\/v2\/types\/page"}],"author":[{"embeddable":true,"href":"https:\/\/leganovo.com\/fr\/wp-json\/wp\/v2\/users\/3"}],"replies":[{"embeddable":true,"href":"https:\/\/leganovo.com\/fr\/wp-json\/wp\/v2\/comments?post=914"}],"version-history":[{"count":0,"href":"https:\/\/leganovo.com\/fr\/wp-json\/wp\/v2\/pages\/914\/revisions"}],"wp:attachment":[{"href":"https:\/\/leganovo.com\/fr\/wp-json\/wp\/v2\/media?parent=914"}],"curies":[{"name":"wp","href":"https:\/\/api.w.org\/{rel}","templated":true}]}}